{"id":5737,"date":"2025-12-22T16:52:21","date_gmt":"2025-12-22T16:52:21","guid":{"rendered":"https:\/\/www.asm-indus.com\/?page_id=5737"},"modified":"2025-12-22T17:03:25","modified_gmt":"2025-12-22T17:03:25","slug":"politique-de-confidentialite","status":"publish","type":"page","link":"https:\/\/www.asm-indus.com\/en\/politique-de-confidentialite\/","title":{"rendered":"Privacy Policy"},"content":{"rendered":"<div data-elementor-type=\"wp-page\" data-elementor-id=\"5737\" class=\"elementor elementor-5737\" data-elementor-post-type=\"page\">\n\t\t\t\t<div class=\"elementor-element elementor-element-356e17b e-flex e-con-boxed e-con e-parent\" data-id=\"356e17b\" data-element_type=\"container\" data-e-type=\"container\">\n\t\t\t\t\t<div class=\"e-con-inner\">\n\t\t\t\t<div class=\"elementor-element elementor-element-8d39679 elementor-widget elementor-widget-text-editor\" data-id=\"8d39679\" data-element_type=\"widget\" data-e-type=\"widget\" data-widget_type=\"text-editor.default\">\n\t\t\t\t\t\t\t\t\t<h1 data-path-to-node=\"2\">Privacy Policy<\/h1>\n<p data-path-to-node=\"3\">This Privacy Policy aims to inform website users <b data-path-to-node=\"3\" data-index-in-node=\"88\"><a class=\"ng-star-inserted\" href=\"https:\/\/www.asm-indus.com\/en\/\" target=\"_blank\" rel=\"noopener\" data-hveid=\"0\" data-ved=\"0CAAQ_4QMahcKEwjDzoOt09GRAxUAAAAAHQAAAAAQeg\">www.asm-indus.com<\/a><\/b> on how their personal data is collected and processed.<\/p>\n<h3 data-path-to-node=\"4\">1. Data Controller<\/h3>\n<p data-path-to-node=\"5\">The data controller is the company <b data-path-to-node=\"7\" data-index-in-node=\"56\">AUTOMATION OF MECHANICAL SYSTEMS (ASM)<\/b>, SAS with a capital of \u20ac300,000, whose registered office is located at: 740 Avenue de Roumanille, Impasse de Roumanille, SOPHIA-ANTIPOLIS, 06410 BIOT.<\/p>\n<h3 data-path-to-node=\"6\">2. Data collected<\/h3>\n<p data-path-to-node=\"7\">We only collect the data that you voluntarily provide to us via the contact form on the website:<\/p>\n<ul data-path-to-node=\"8\">\n<li>\n<p data-path-to-node=\"8,0,0\">First and last name<\/p>\n<\/li>\n<li>\n<p data-path-to-node=\"8,1,0\">Company name<\/p>\n<\/li>\n<li>\n<p data-path-to-node=\"8,2,0\">E-mail address<\/p>\n<\/li>\n<li>\n<p data-path-to-node=\"8,3,0\">Message content<\/p>\n<\/li>\n<\/ul>\n<h3 data-path-to-node=\"9\">3. Purposes and Legal Basis<\/h3>\n<p data-path-to-node=\"10\">The data collected via the contact form is used exclusively for:<\/p>\n<ul data-path-to-node=\"11\">\n<li>\n<p data-path-to-node=\"11,0,0\">Responding to your inquiries.<\/p>\n<\/li>\n<li>\n<p data-path-to-node=\"11,1,0\">To monitor the business relationship.<\/p>\n<\/li>\n<\/ul>\n<p data-path-to-node=\"12\">This treatment is based on your <b data-path-to-node=\"12\" data-index-in-node=\"34\">consent<\/b> (when you confirm submission of the form) and on the\u2019<b data-path-to-node=\"12\" data-index-in-node=\"101\">legitimate interest<\/b> of the company to process requests from its prospects and customers.<\/p>\n<h3 data-path-to-node=\"13\">4. Data Recipients<\/h3>\n<p data-path-to-node=\"14\">The data submitted via the form is sent directly by email to ASM INDUS&#039;s internal departments. It is not stored in any automated database on the website and is not <b data-path-to-node=\"14\" data-index-in-node=\"199\">never sold, rented or transferred to third parties<\/b> for commercial purposes.<\/p>\n<h3 data-path-to-node=\"15\">5. Shelf life<\/h3>\n<p data-path-to-node=\"16\">Your personal data is stored:<\/p>\n<ul data-path-to-node=\"17\">\n<li>\n<p data-path-to-node=\"17,0,0\">For the entire duration necessary to process your request.<\/p>\n<\/li>\n<li>\n<p data-path-to-node=\"17,1,0\">For the entire duration of the business relationship, if applicable.<\/p>\n<\/li>\n<li>\n<p data-path-to-node=\"17,2,0\">In the absence of a contractual relationship, they are deleted no later than 3 years after your last contact.<\/p>\n<\/li>\n<\/ul>\n<h3 data-path-to-node=\"18\">6. Accommodation and Security<\/h3>\n<p data-path-to-node=\"19\">The site is hosted by the company <b data-path-to-node=\"19\" data-index-in-node=\"35\">OVH<\/b>, whose servers are located in France (European Union). We take the necessary measures to protect your data during transmission (HTTPS protocol).<\/p>\n<h3 data-path-to-node=\"20\">7. Cookies and Trackers<\/h3>\n<p data-path-to-node=\"21\">The site <b data-path-to-node=\"21\" data-index-in-node=\"8\"><a class=\"ng-star-inserted\" href=\"https:\/\/www.asm-indus.com\/en\/\" target=\"_blank\" rel=\"noopener\" data-hveid=\"0\" data-ved=\"0CAAQ_4QMahcKEwjDzoOt09GRAxUAAAAAHQAAAAAQew\">www.asm-indus.com<\/a><\/b> is a showcase website that does not use any advertising trackers, any third-party profiling cookies, or any analytics tools requiring prior consent.<\/p>\n<h3 data-path-to-node=\"22\">8. Your rights<\/h3>\n<p data-path-to-node=\"23\">In accordance with the General Data Protection Regulation (GDPR) and the French Data Protection Act, you have the following rights:<\/p>\n<ul data-path-to-node=\"24\">\n<li>\n<p data-path-to-node=\"24,0,0\">Right of access, rectification and deletion of your data.<\/p>\n<\/li>\n<li>\n<p data-path-to-node=\"24,1,0\">Right to limit or object to processing.<\/p>\n<\/li>\n<\/ul>\n<p data-path-to-node=\"25\">To exercise these rights, you can contact us by email at: <b data-path-to-node=\"25\" data-index-in-node=\"67\">contact@asm-indus.com<\/b> or by post to the registered office address mentioned in Article 1.<\/p>\n<h3 data-path-to-node=\"26\">9. Complaint<\/h3>\n<p data-path-to-node=\"27\">If you believe that your rights are not being respected, you have the option of filing a complaint with the CNIL (www.cnil.fr).<\/p>\t\t\t\t\t\t\t\t<\/div>\n\t\t\t\t\t<\/div>\n\t\t\t\t<\/div>\n\t\t\t\t<\/div>","protected":false},"excerpt":{"rendered":"<p>Politique de Confidentialit\u00e9 La pr\u00e9sente Politique de Confidentialit\u00e9 a pour but d&rsquo;informer les utilisateurs du site www.asm-indus.com sur la mani\u00e8re dont leurs donn\u00e9es personnelles sont collect\u00e9es et trait\u00e9es. 1. Responsable du traitement Le responsable du traitement des donn\u00e9es est la soci\u00e9t\u00e9 AUTOMATISATION SYST\u00c8MES M\u00c9CANIQUES (ASM), SAS au capital de 300 000 \u20ac, dont le si\u00e8ge [&hellip;]<\/p>\n","protected":false},"author":1,"featured_media":0,"parent":0,"menu_order":0,"comment_status":"closed","ping_status":"closed","template":"","meta":{"footnotes":""},"class_list":["post-5737","page","type-page","status-publish","hentry"],"aioseo_notices":[],"yoast_head":"<!-- This site is optimized with the Yoast SEO plugin v27.2 - https:\/\/yoast.com\/product\/yoast-seo-wordpress\/ -->\n<title>Politique de confidentialit\u00e9 - ASM Indus<\/title>\n<meta name=\"robots\" content=\"index, follow, max-snippet:-1, max-image-preview:large, max-video-preview:-1\" \/>\n<link rel=\"canonical\" href=\"https:\/\/www.asm-indus.com\/en\/politique-de-confidentialite\/\" \/>\n<meta property=\"og:locale\" content=\"en_GB\" \/>\n<meta property=\"og:type\" content=\"article\" \/>\n<meta property=\"og:title\" content=\"Politique de confidentialit\u00e9 - ASM Indus\" \/>\n<meta property=\"og:description\" content=\"Politique de Confidentialit\u00e9 La pr\u00e9sente Politique de Confidentialit\u00e9 a pour but d&rsquo;informer les utilisateurs du site www.asm-indus.com sur la mani\u00e8re dont leurs donn\u00e9es personnelles sont collect\u00e9es et trait\u00e9es. 1. Responsable du traitement Le responsable du traitement des donn\u00e9es est la soci\u00e9t\u00e9 AUTOMATISATION SYST\u00c8MES M\u00c9CANIQUES (ASM), SAS au capital de 300 000 \u20ac, dont le si\u00e8ge [&hellip;]\" \/>\n<meta property=\"og:url\" content=\"https:\/\/www.asm-indus.com\/en\/politique-de-confidentialite\/\" \/>\n<meta property=\"og:site_name\" content=\"ASM Indus\" \/>\n<meta property=\"article:modified_time\" content=\"2025-12-22T17:03:25+00:00\" \/>\n<meta name=\"twitter:card\" content=\"summary_large_image\" \/>\n<meta name=\"twitter:label1\" content=\"Estimated reading time\" \/>\n\t<meta name=\"twitter:data1\" content=\"2 minutes\" \/>\n<!-- \/ Yoast SEO plugin. -->","yoast_head_json":{"title":"Politique de confidentialit\u00e9 - ASM Indus","robots":{"index":"index","follow":"follow","max-snippet":"max-snippet:-1","max-image-preview":"max-image-preview:large","max-video-preview":"max-video-preview:-1"},"canonical":"https:\/\/www.asm-indus.com\/en\/politique-de-confidentialite\/","og_locale":"en_GB","og_type":"article","og_title":"Politique de confidentialit\u00e9 - ASM Indus","og_description":"Politique de Confidentialit\u00e9 La pr\u00e9sente Politique de Confidentialit\u00e9 a pour but d&rsquo;informer les utilisateurs du site www.asm-indus.com sur la mani\u00e8re dont leurs donn\u00e9es personnelles sont collect\u00e9es et trait\u00e9es. 1. Responsable du traitement Le responsable du traitement des donn\u00e9es est la soci\u00e9t\u00e9 AUTOMATISATION SYST\u00c8MES M\u00c9CANIQUES (ASM), SAS au capital de 300 000 \u20ac, dont le si\u00e8ge [&hellip;]","og_url":"https:\/\/www.asm-indus.com\/en\/politique-de-confidentialite\/","og_site_name":"ASM Indus","article_modified_time":"2025-12-22T17:03:25+00:00","twitter_card":"summary_large_image","twitter_misc":{"Estimated reading time":"2 minutes"},"schema":{"@context":"https:\/\/schema.org","@graph":[{"@type":"WebPage","@id":"https:\/\/www.asm-indus.com\/politique-de-confidentialite\/","url":"https:\/\/www.asm-indus.com\/politique-de-confidentialite\/","name":"Politique de confidentialit\u00e9 - ASM Indus","isPartOf":{"@id":"https:\/\/www.asm-indus.com\/#website"},"datePublished":"2025-12-22T16:52:21+00:00","dateModified":"2025-12-22T17:03:25+00:00","breadcrumb":{"@id":"https:\/\/www.asm-indus.com\/politique-de-confidentialite\/#breadcrumb"},"inLanguage":"en-GB","potentialAction":[{"@type":"ReadAction","target":["https:\/\/www.asm-indus.com\/politique-de-confidentialite\/"]}]},{"@type":"BreadcrumbList","@id":"https:\/\/www.asm-indus.com\/politique-de-confidentialite\/#breadcrumb","itemListElement":[{"@type":"ListItem","position":1,"name":"Accueil","item":"https:\/\/www.asm-indus.com\/"},{"@type":"ListItem","position":2,"name":"Politique de confidentialit\u00e9"}]},{"@type":"WebSite","@id":"https:\/\/www.asm-indus.com\/#website","url":"https:\/\/www.asm-indus.com\/","name":"ASM","description":"","publisher":{"@id":"https:\/\/www.asm-indus.com\/#organization"},"potentialAction":[{"@type":"SearchAction","target":{"@type":"EntryPoint","urlTemplate":"https:\/\/www.asm-indus.com\/?s={search_term_string}"},"query-input":{"@type":"PropertyValueSpecification","valueRequired":true,"valueName":"search_term_string"}}],"inLanguage":"en-GB"},{"@type":"Organization","@id":"https:\/\/www.asm-indus.com\/#organization","name":"ASM","url":"https:\/\/www.asm-indus.com\/","logo":{"@type":"ImageObject","inLanguage":"en-GB","@id":"https:\/\/www.asm-indus.com\/#\/schema\/logo\/image\/","url":"https:\/\/www.asm-indus.com\/wp-content\/uploads\/2025\/11\/cropped-Logo-ASM-HTX.webp","contentUrl":"https:\/\/www.asm-indus.com\/wp-content\/uploads\/2025\/11\/cropped-Logo-ASM-HTX.webp","width":2108,"height":250,"caption":"ASM"},"image":{"@id":"https:\/\/www.asm-indus.com\/#\/schema\/logo\/image\/"}}]}},"_links":{"self":[{"href":"https:\/\/www.asm-indus.com\/en\/wp-json\/wp\/v2\/pages\/5737","targetHints":{"allow":["GET"]}}],"collection":[{"href":"https:\/\/www.asm-indus.com\/en\/wp-json\/wp\/v2\/pages"}],"about":[{"href":"https:\/\/www.asm-indus.com\/en\/wp-json\/wp\/v2\/types\/page"}],"author":[{"embeddable":true,"href":"https:\/\/www.asm-indus.com\/en\/wp-json\/wp\/v2\/users\/1"}],"replies":[{"embeddable":true,"href":"https:\/\/www.asm-indus.com\/en\/wp-json\/wp\/v2\/comments?post=5737"}],"version-history":[{"count":10,"href":"https:\/\/www.asm-indus.com\/en\/wp-json\/wp\/v2\/pages\/5737\/revisions"}],"predecessor-version":[{"id":5754,"href":"https:\/\/www.asm-indus.com\/en\/wp-json\/wp\/v2\/pages\/5737\/revisions\/5754"}],"wp:attachment":[{"href":"https:\/\/www.asm-indus.com\/en\/wp-json\/wp\/v2\/media?parent=5737"}],"curies":[{"name":"wp","href":"https:\/\/api.w.org\/{rel}","templated":true}]}}