{"id":5663,"date":"2025-12-11T09:42:05","date_gmt":"2025-12-11T09:42:05","guid":{"rendered":"https:\/\/www.asm-indus.com\/?page_id=5663"},"modified":"2025-12-12T13:05:28","modified_gmt":"2025-12-12T13:05:28","slug":"mentions-legales","status":"publish","type":"page","link":"https:\/\/www.asm-indus.com\/en\/mentions-legales\/","title":{"rendered":"Legal notice"},"content":{"rendered":"\t\t<div data-elementor-type=\"wp-page\" data-elementor-id=\"5663\" class=\"elementor elementor-5663\" data-elementor-post-type=\"page\">\n\t\t\t\t<div class=\"elementor-element elementor-element-754a2e83 e-flex e-con-boxed e-con e-parent\" data-id=\"754a2e83\" data-element_type=\"container\" data-e-type=\"container\">\n\t\t\t\t\t<div class=\"e-con-inner\">\n\t\t\t\t<div class=\"elementor-element elementor-element-c38fe81 elementor-widget elementor-widget-heading\" data-id=\"c38fe81\" data-element_type=\"widget\" data-e-type=\"widget\" data-widget_type=\"heading.default\">\n\t\t\t\t\t<h1 class=\"elementor-heading-title elementor-size-default\">Mentions l\u00e9gales<\/h1>\t\t\t\t<\/div>\n\t\t\t\t<div class=\"elementor-element elementor-element-80f587c elementor-widget elementor-widget-text-editor\" data-id=\"80f587c\" data-element_type=\"widget\" data-e-type=\"widget\" data-widget_type=\"text-editor.default\">\n\t\t\t\t\t\t\t\t\t<section id=\"mentions-legales\"><h2 id=\"editeur\">1. Identification de l&rsquo;\u00c9diteur du Site<\/h2><p>Le pr\u00e9sent site web est \u00e9dit\u00e9 par :<\/p><ul><li><strong>D\u00e9nomination Sociale :<\/strong> AUTOMATISATION SYSTEMES MECANIQUES (ASM)<\/li><li><strong>Forme Juridique :<\/strong> SAS, soci\u00e9t\u00e9 par actions simplifi\u00e9e<\/li><li><strong>Adresse du Si\u00e8ge Social : <\/strong>IMPASSE DE ROUMANILLE, 740 AVENUE ROUMANILLE, 06410 BIOT<\/li><li><strong>Capital Social :<\/strong> 300 000,00 \u20ac<\/li><li><strong>Num\u00e9ro d&rsquo;immatriculation :<\/strong> 414 669 028 R.C.S. Antibes<\/li><li><strong>Num\u00e9ro de TVA intracommunautaire :<\/strong> FR41414669028<\/li><li><strong>Adresse E-mail de Contact :<\/strong> <a href=\"mailto:contact@asm-indus.com\">contact@asm-indus.com<\/a><\/li><li><strong>Webmaster<\/strong> : <a href=\"http:\/\/antoinerougeaux.fr\">A.Rougeaux<\/a><\/li><\/ul><p><strong>Directeur de la publication :<\/strong> Verge-Salamon Matthieu<\/p><h2 id=\"hebergeur\">2. H\u00e9bergement du Site<\/h2><p>Le site est h\u00e9berg\u00e9 par :<\/p><ul><li><strong>Nom de l&rsquo;h\u00e9bergeur :<\/strong> [D\u00e9nomination sociale de l&rsquo;h\u00e9bergeur. Ex : OVH, AWS, Google Cloud, etc.]<\/li><li><strong>Adresse :<\/strong> [Adresse compl\u00e8te du si\u00e8ge social de l&rsquo;h\u00e9bergeur]<\/li><li><strong>T\u00e9l\u00e9phone :<\/strong> [Num\u00e9ro de t\u00e9l\u00e9phone de l&rsquo;h\u00e9bergeur]<\/li><\/ul><h2 id=\"rgpd\">3. Protection des Donn\u00e9es Personnelles (RGPD)<\/h2><h3>3.1. Responsable du Traitement<\/h3><p>Le responsable du traitement des donn\u00e9es personnelles collect\u00e9es est [Nom de votre soci\u00e9t\u00e9\/entit\u00e9].<\/p><h3>3.2. Finalit\u00e9 et Droits des Utilisateurs<\/h3><p>Les donn\u00e9es personnelles collect\u00e9es via le site (notamment via les formulaires de contact ou les cookies) font l\u2019objet d\u2019un traitement informatique destin\u00e9 \u00e0 [D\u00e9crire la finalit\u00e9 : Ex : r\u00e9pondre aux demandes de contact, analyser le trafic du site].<\/p><p>Conform\u00e9ment au R\u00e8glement G\u00e9n\u00e9ral sur la Protection des Donn\u00e9es (RGPD) et \u00e0 la loi Informatique et Libert\u00e9s, l&rsquo;utilisateur dispose notamment d\u2019un droit d\u2019acc\u00e8s, de rectification, d\u2019effacement, et d\u2019opposition au traitement de ses donn\u00e9es. Pour exercer ces droits, veuillez contacter le responsable du traitement \u00e0 l&rsquo;adresse e-mail : <a href=\"mailto:contact@asm-indus.com\">contact@asm-indus.com<\/a> ou consulter notre Politique de Confidentialit\u00e9 compl\u00e8te.<\/p><h3>3.3. R\u00e9clamation aupr\u00e8s de la CNIL<\/h3><p>L&rsquo;utilisateur a le droit d&rsquo;introduire une r\u00e9clamation aupr\u00e8s de l&rsquo;autorit\u00e9 de contr\u00f4le :<\/p><ul><li><strong>CNIL (Commission Nationale de l&rsquo;Informatique et des Libert\u00e9s)<\/strong><\/li><li><strong>Adresse :<\/strong> 3 Place de Fontenoy &#8211; TSA 80715 &#8211; 75334 PARIS CEDEX 07<\/li><li><strong>Site Web :<\/strong> <a href=\"https:\/\/www.cnil.fr\" target=\"_blank\" rel=\"noopener\">www.cnil.fr<\/a><\/li><\/ul><h2 id=\"droit-applicable\">4. Droit Applicable et Attribution de Juridiction<\/h2><p>Le pr\u00e9sent site est r\u00e9gi par le droit fran\u00e7ais. Tout litige non r\u00e9solu \u00e0 l\u2019amiable sera port\u00e9 devant les tribunaux comp\u00e9tents de [Ville du Tribunal comp\u00e9tent, souvent celui du si\u00e8ge social].<\/p><\/section>\t\t\t\t\t\t\t\t<\/div>\n\t\t\t\t\t<\/div>\n\t\t\t\t<\/div>\n\t\t\t\t<\/div>\n\t\t","protected":false},"excerpt":{"rendered":"<p>Mentions l\u00e9gales 1. Identification de l&rsquo;\u00c9diteur du Site Le pr\u00e9sent site web est \u00e9dit\u00e9 par : D\u00e9nomination Sociale : AUTOMATISATION SYSTEMES MECANIQUES (ASM) Forme Juridique : SAS, soci\u00e9t\u00e9 par actions simplifi\u00e9e Adresse du Si\u00e8ge Social : IMPASSE DE ROUMANILLE, 740 AVENUE ROUMANILLE, 06410 BIOT Capital Social : 300 000,00 \u20ac Num\u00e9ro d&rsquo;immatriculation : 414 669 [&hellip;]<\/p>\n","protected":false},"author":1,"featured_media":0,"parent":0,"menu_order":0,"comment_status":"closed","ping_status":"closed","template":"","meta":{"footnotes":""},"class_list":["post-5663","page","type-page","status-publish","hentry"],"aioseo_notices":[],"yoast_head":"<!-- This site is optimized with the Yoast SEO plugin v27.2 - https:\/\/yoast.com\/product\/yoast-seo-wordpress\/ -->\n<title>Mentions l\u00e9gales - ASM Indus<\/title>\n<meta name=\"robots\" content=\"index, follow, max-snippet:-1, max-image-preview:large, max-video-preview:-1\" \/>\n<link rel=\"canonical\" href=\"https:\/\/www.asm-indus.com\/en\/mentions-legales\/\" \/>\n<meta property=\"og:locale\" content=\"en_GB\" \/>\n<meta property=\"og:type\" content=\"article\" \/>\n<meta property=\"og:title\" content=\"Mentions l\u00e9gales - ASM Indus\" \/>\n<meta property=\"og:description\" content=\"Mentions l\u00e9gales 1. Identification de l&rsquo;\u00c9diteur du Site Le pr\u00e9sent site web est \u00e9dit\u00e9 par : D\u00e9nomination Sociale : AUTOMATISATION SYSTEMES MECANIQUES (ASM) Forme Juridique : SAS, soci\u00e9t\u00e9 par actions simplifi\u00e9e Adresse du Si\u00e8ge Social : IMPASSE DE ROUMANILLE, 740 AVENUE ROUMANILLE, 06410 BIOT Capital Social : 300 000,00 \u20ac Num\u00e9ro d&rsquo;immatriculation : 414 669 [&hellip;]\" \/>\n<meta property=\"og:url\" content=\"https:\/\/www.asm-indus.com\/en\/mentions-legales\/\" \/>\n<meta property=\"og:site_name\" content=\"ASM Indus\" \/>\n<meta property=\"article:modified_time\" content=\"2025-12-12T13:05:28+00:00\" \/>\n<meta name=\"twitter:card\" content=\"summary_large_image\" \/>\n<meta name=\"twitter:label1\" content=\"Estimated reading time\" \/>\n\t<meta name=\"twitter:data1\" content=\"2 minutes\" \/>\n<!-- \/ Yoast SEO plugin. -->","yoast_head_json":{"title":"Mentions l\u00e9gales - ASM Indus","robots":{"index":"index","follow":"follow","max-snippet":"max-snippet:-1","max-image-preview":"max-image-preview:large","max-video-preview":"max-video-preview:-1"},"canonical":"https:\/\/www.asm-indus.com\/en\/mentions-legales\/","og_locale":"en_GB","og_type":"article","og_title":"Mentions l\u00e9gales - ASM Indus","og_description":"Mentions l\u00e9gales 1. Identification de l&rsquo;\u00c9diteur du Site Le pr\u00e9sent site web est \u00e9dit\u00e9 par : D\u00e9nomination Sociale : AUTOMATISATION SYSTEMES MECANIQUES (ASM) Forme Juridique : SAS, soci\u00e9t\u00e9 par actions simplifi\u00e9e Adresse du Si\u00e8ge Social : IMPASSE DE ROUMANILLE, 740 AVENUE ROUMANILLE, 06410 BIOT Capital Social : 300 000,00 \u20ac Num\u00e9ro d&rsquo;immatriculation : 414 669 [&hellip;]","og_url":"https:\/\/www.asm-indus.com\/en\/mentions-legales\/","og_site_name":"ASM Indus","article_modified_time":"2025-12-12T13:05:28+00:00","twitter_card":"summary_large_image","twitter_misc":{"Estimated reading time":"2 minutes"},"schema":{"@context":"https:\/\/schema.org","@graph":[{"@type":"WebPage","@id":"https:\/\/www.asm-indus.com\/mentions-legales\/","url":"https:\/\/www.asm-indus.com\/mentions-legales\/","name":"Mentions l\u00e9gales - ASM Indus","isPartOf":{"@id":"https:\/\/www.asm-indus.com\/#website"},"datePublished":"2025-12-11T09:42:05+00:00","dateModified":"2025-12-12T13:05:28+00:00","breadcrumb":{"@id":"https:\/\/www.asm-indus.com\/mentions-legales\/#breadcrumb"},"inLanguage":"en-GB","potentialAction":[{"@type":"ReadAction","target":["https:\/\/www.asm-indus.com\/mentions-legales\/"]}]},{"@type":"BreadcrumbList","@id":"https:\/\/www.asm-indus.com\/mentions-legales\/#breadcrumb","itemListElement":[{"@type":"ListItem","position":1,"name":"Accueil","item":"https:\/\/www.asm-indus.com\/"},{"@type":"ListItem","position":2,"name":"Mentions l\u00e9gales"}]},{"@type":"WebSite","@id":"https:\/\/www.asm-indus.com\/#website","url":"https:\/\/www.asm-indus.com\/","name":"ASM","description":"","publisher":{"@id":"https:\/\/www.asm-indus.com\/#organization"},"potentialAction":[{"@type":"SearchAction","target":{"@type":"EntryPoint","urlTemplate":"https:\/\/www.asm-indus.com\/?s={search_term_string}"},"query-input":{"@type":"PropertyValueSpecification","valueRequired":true,"valueName":"search_term_string"}}],"inLanguage":"en-GB"},{"@type":"Organization","@id":"https:\/\/www.asm-indus.com\/#organization","name":"ASM","url":"https:\/\/www.asm-indus.com\/","logo":{"@type":"ImageObject","inLanguage":"en-GB","@id":"https:\/\/www.asm-indus.com\/#\/schema\/logo\/image\/","url":"https:\/\/www.asm-indus.com\/wp-content\/uploads\/2025\/11\/cropped-Logo-ASM-HTX.webp","contentUrl":"https:\/\/www.asm-indus.com\/wp-content\/uploads\/2025\/11\/cropped-Logo-ASM-HTX.webp","width":2108,"height":250,"caption":"ASM"},"image":{"@id":"https:\/\/www.asm-indus.com\/#\/schema\/logo\/image\/"}}]}},"_links":{"self":[{"href":"https:\/\/www.asm-indus.com\/en\/wp-json\/wp\/v2\/pages\/5663","targetHints":{"allow":["GET"]}}],"collection":[{"href":"https:\/\/www.asm-indus.com\/en\/wp-json\/wp\/v2\/pages"}],"about":[{"href":"https:\/\/www.asm-indus.com\/en\/wp-json\/wp\/v2\/types\/page"}],"author":[{"embeddable":true,"href":"https:\/\/www.asm-indus.com\/en\/wp-json\/wp\/v2\/users\/1"}],"replies":[{"embeddable":true,"href":"https:\/\/www.asm-indus.com\/en\/wp-json\/wp\/v2\/comments?post=5663"}],"version-history":[{"count":12,"href":"https:\/\/www.asm-indus.com\/en\/wp-json\/wp\/v2\/pages\/5663\/revisions"}],"predecessor-version":[{"id":5683,"href":"https:\/\/www.asm-indus.com\/en\/wp-json\/wp\/v2\/pages\/5663\/revisions\/5683"}],"wp:attachment":[{"href":"https:\/\/www.asm-indus.com\/en\/wp-json\/wp\/v2\/media?parent=5663"}],"curies":[{"name":"wp","href":"https:\/\/api.w.org\/{rel}","templated":true}]}}