{"id":273,"date":"2025-12-09T21:10:18","date_gmt":"2025-12-09T21:10:18","guid":{"rendered":"https:\/\/www.asm-indus.com\/?page_id=273"},"modified":"2025-12-17T15:04:48","modified_gmt":"2025-12-17T15:04:48","slug":"les-machines-dassemblage","status":"publish","type":"page","link":"https:\/\/www.asm-indus.com\/en\/les-machines-dassemblage\/","title":{"rendered":"Assembly Machines"},"content":{"rendered":"<div data-elementor-type=\"wp-page\" data-elementor-id=\"273\" class=\"elementor elementor-273\" data-elementor-post-type=\"page\">\n\t\t\t\t<div class=\"elementor-element elementor-element-33287ea e-flex e-con-boxed e-con e-parent\" data-id=\"33287ea\" data-element_type=\"container\" data-e-type=\"container\">\n\t\t\t\t\t<div class=\"e-con-inner\">\n\t\t\t\t<div class=\"elementor-element elementor-element-574e3a1 elementor-widget elementor-widget-heading\" data-id=\"574e3a1\" data-element_type=\"widget\" data-e-type=\"widget\" data-widget_type=\"heading.default\">\n\t\t\t\t\t<h1 class=\"elementor-heading-title elementor-size-default\">Assembly Machines<\/h1>\t\t\t\t<\/div>\n\t\t<div class=\"elementor-element elementor-element-e2b5958 e-con-full e-flex e-con e-child\" data-id=\"e2b5958\" data-element_type=\"container\" data-e-type=\"container\" data-settings=\"{&quot;background_background&quot;:&quot;classic&quot;}\">\n\t\t\t\t<\/div>\n\t\t\t\t<div class=\"elementor-element elementor-element-84cb9e8 elementor-widget elementor-widget-spacer\" data-id=\"84cb9e8\" data-element_type=\"widget\" data-e-type=\"widget\" data-widget_type=\"spacer.default\">\n\t\t\t\t\t\t\t<div class=\"elementor-spacer\">\n\t\t\t<div class=\"elementor-spacer-inner\"><\/div>\n\t\t<\/div>\n\t\t\t\t\t\t<\/div>\n\t\t\t\t<div class=\"elementor-element elementor-element-ea09b11 elementor-widget elementor-widget-heading\" data-id=\"ea09b11\" data-element_type=\"widget\" data-e-type=\"widget\" data-widget_type=\"heading.default\">\n\t\t\t\t\t<h2 class=\"elementor-heading-title elementor-size-default\">Assembly Machines in Industry<\/h2>\t\t\t\t<\/div>\n\t\t\t\t<div class=\"elementor-element elementor-element-53b59f4 elementor-widget-divider--view-line elementor-widget elementor-widget-divider\" data-id=\"53b59f4\" data-element_type=\"widget\" data-e-type=\"widget\" data-widget_type=\"divider.default\">\n\t\t\t\t\t\t\t<div class=\"elementor-divider\">\n\t\t\t<span class=\"elementor-divider-separator\">\n\t\t\t\t\t\t<\/span>\n\t\t<\/div>\n\t\t\t\t\t\t<\/div>\n\t\t\t\t<div class=\"elementor-element elementor-element-c8e8cd5 elementor-widget elementor-widget-text-editor\" data-id=\"c8e8cd5\" data-element_type=\"widget\" data-e-type=\"widget\" data-widget_type=\"text-editor.default\">\n\t\t\t\t\t\t\t\t\t<p class=\"p1\">A machine is a mechanical assembly capable of using energy to perform tasks that can be classified into 4 main categories:<\/p><ul><li>Use of a tool and\/or a sensor<\/li><li>Moving a load<\/li><li>Material to be shaped<\/li><li>Information to be processed<\/li><\/ul><p class=\"p1\">Their operation can be carried out under the guidance of an operator or not, and in industry, the machines are generally fixed.<\/p><p class=\"p1\">The design and manufacture of industrial assembly machines require multidisciplinary expertise:<\/p><ul><li>Robotics: Integration and Programming<\/li><li>Automation: use of programmable logic controllers (PLCs)<\/li><li>Mechatronics: managing mechanical, electronic and computer-related issues<\/li><\/ul><p>The rise of machines began with the industrial revolution of the 19th century.<span class=\"Apple-style-span\">th<\/span>\u00a0century and the birth of industrial automation. The advantages sought then are still relevant today, and recent technological advances have further improved their characteristics:<\/p><ul><li>Increase in production quantities<\/li><li>Cost reduction<\/li><li>Quality improvement<\/li><li>Strengthening operator security<\/li><li>Improving the ergonomics of workstations<\/li><li>Versatility of machines and assembly lines<\/li><li>Reduced energy needs<\/li><li>Reducing the ecological footprint of products and machines<\/li><\/ul>\t\t\t\t\t\t\t\t<\/div>\n\t\t\t\t<div class=\"elementor-element elementor-element-ac70aaa elementor-widget elementor-widget-spacer\" data-id=\"ac70aaa\" data-element_type=\"widget\" data-e-type=\"widget\" data-widget_type=\"spacer.default\">\n\t\t\t\t\t\t\t<div class=\"elementor-spacer\">\n\t\t\t<div class=\"elementor-spacer-inner\"><\/div>\n\t\t<\/div>\n\t\t\t\t\t\t<\/div>\n\t\t\t\t<div class=\"elementor-element elementor-element-c594cb7 elementor-widget elementor-widget-heading\" data-id=\"c594cb7\" data-element_type=\"widget\" data-e-type=\"widget\" data-widget_type=\"heading.default\">\n\t\t\t\t\t<h2 class=\"elementor-heading-title elementor-size-default\">Our Expertise in Assembly Machinery<\/h2>\t\t\t\t<\/div>\n\t\t\t\t<div class=\"elementor-element elementor-element-6ab1da2 elementor-widget-divider--view-line elementor-widget elementor-widget-divider\" data-id=\"6ab1da2\" data-element_type=\"widget\" data-e-type=\"widget\" data-widget_type=\"divider.default\">\n\t\t\t\t\t\t\t<div class=\"elementor-divider\">\n\t\t\t<span class=\"elementor-divider-separator\">\n\t\t\t\t\t\t<\/span>\n\t\t<\/div>\n\t\t\t\t\t\t<\/div>\n\t\t\t\t<div class=\"elementor-element elementor-element-17614af elementor-widget elementor-widget-text-editor\" data-id=\"17614af\" data-element_type=\"widget\" data-e-type=\"widget\" data-widget_type=\"text-editor.default\">\n\t\t\t\t\t\t\t\t\t<p>Since its creation in 1997, ASM has specialized in assembly machines, making this its core business. Thanks to its design office with dual expertise in\u00a0<strong>Mechanical<\/strong>\u00a0and in\u00a0<strong>Automation<\/strong>, The company is able to meet the highest demands of its clients. Drawing on its experience in various sectors, ASM offers diverse and high-quality expertise.<\/p><p>Our\u00a0<strong>assembly machines<\/strong>\u00a0are designed to meet a wide variety of needs:<\/p><ul><li>Of\u00a0<a title=\"Assembly stations - ASM&#039;s expertise\" href=\"https:\/\/www.asm-indus.com\/en\/realisations\/poste-d-assemblage-semi-automatise-p33\/\">semi-assisted workstation<\/a>\u00a0to the\u00a0<a title=\"Fully automated assembly line - ASM\" href=\"https:\/\/www.asm-indus.com\/en\/realisations\/chaine-d-assemblage-automatisee-p80\/\">fully automated assembly and testing line<\/a><\/li><li>For\u00a0<strong>unique pieces<\/strong>\u00a0to more complex products with many parts to assemble<\/li><li>From the &quot;quasi-constant&quot; part (i.e., with very precise tolerances and dimensions, as with metal parts) to the more random product (with variable characteristics linked to the manufacturing process or the production environment, as in food products)<\/li><li>Up to\u00a0<a title=\"Automated Special Machine - ASM\" href=\"https:\/\/www.asm-indus.com\/en\/realisations\/assemblage-automatise-p32\/\">high production rates<\/a><\/li><li>With manual settings or with\u00a0<strong>self-adapting software pre-configurations<\/strong><\/li><li>Of\u00a0<strong>filling<\/strong>\u00a0simple bulk processing at the end of the line, up to unit and serialized packaging<\/li><li>Of\u00a0<strong>marking<\/strong>\u00a0by screen printing at the\u00a0<strong>RFID chip programming<\/strong><\/li><li>From manual distribution to\u00a0<a title=\"Assembly line with vibratory bowls and 2D vision system, manufactured by ASM\" href=\"https:\/\/www.asm-indus.com\/en\/realisations\/chaine-d-assemblage-automatisee-p80\/\">vibrating bowls combined with vision and robots<\/a><\/li><li>Of\u00a0<strong>pneumatic cylinder<\/strong>\u00a0up to the latest generations of robots<\/li><\/ul><p>We make every effort to offer assembly machines that meet the specific needs of our customers, by combining\u00a0<strong>technical expertise<\/strong>,\u00a0<strong>innovation<\/strong>\u00a0And\u00a0<strong>quality<\/strong>.<\/p>\t\t\t\t\t\t\t\t<\/div>\n\t\t\t\t<div class=\"elementor-element elementor-element-083db34 elementor-widget elementor-widget-spacer\" data-id=\"083db34\" data-element_type=\"widget\" data-e-type=\"widget\" data-widget_type=\"spacer.default\">\n\t\t\t\t\t\t\t<div class=\"elementor-spacer\">\n\t\t\t<div class=\"elementor-spacer-inner\"><\/div>\n\t\t<\/div>\n\t\t\t\t\t\t<\/div>\n\t\t\t\t<div class=\"elementor-element elementor-element-93bc02e elementor-widget elementor-widget-heading\" data-id=\"93bc02e\" data-element_type=\"widget\" data-e-type=\"widget\" data-widget_type=\"heading.default\">\n\t\t\t\t\t<h2 class=\"elementor-heading-title elementor-size-default\">Our Assembly Machine Projects<\/h2>\t\t\t\t<\/div>\n\t\t\t\t<div class=\"elementor-element elementor-element-d216a58 elementor-widget elementor-widget-text-editor\" data-id=\"d216a58\" data-element_type=\"widget\" data-e-type=\"widget\" data-widget_type=\"text-editor.default\">\n\t\t\t\t\t\t\t\t\t<p>With its mechanical design and automation engineering offices, ASM&#039;s expertise ranges from assembly stations to fully automated assembly lines. Complex tooling and dedicated test benches can also be specifically developed if your needs require it.<\/p>\t\t\t\t\t\t\t\t<\/div>\n\t\t\t\t\t<\/div>\n\t\t\t\t<\/div>\n\t\t<div class=\"elementor-element elementor-element-6092f53 e-flex e-con-boxed e-con e-parent\" data-id=\"6092f53\" data-element_type=\"container\" data-e-type=\"container\">\n\t\t\t\t\t<div class=\"e-con-inner\">\n\t\t<div class=\"elementor-element elementor-element-ab67639 e-con-full e-flex e-con e-child\" data-id=\"ab67639\" data-element_type=\"container\" data-e-type=\"container\">\n\t\t<div class=\"elementor-element elementor-element-5fb5358 e-con-full e-flex e-con e-child\" data-id=\"5fb5358\" data-element_type=\"container\" data-e-type=\"container\">\n\t\t<div class=\"elementor-element elementor-element-b24758e e-con-full e-flex e-con e-child\" data-id=\"b24758e\" data-element_type=\"container\" data-e-type=\"container\">\n\t\t\t\t<div class=\"elementor-element elementor-element-14d22bf elementor-widget elementor-widget-text-editor\" data-id=\"14d22bf\" data-element_type=\"widget\" data-e-type=\"widget\" data-widget_type=\"text-editor.default\">\n\t\t\t\t\t\t\t\t\t<p><a href=\"https:\/\/www.asm-indus.com\/en\/realisations\/chaine-d-assemblage-automatisee-p80\/\">Fully Automated Assembly Line<\/a><\/p>\t\t\t\t\t\t\t\t<\/div>\n\t\t\t\t<\/div>\n\t\t<div class=\"elementor-element elementor-element-eea19a2 e-con-full e-flex e-con e-child\" data-id=\"eea19a2\" data-element_type=\"container\" data-e-type=\"container\">\n\t\t\t\t<div class=\"elementor-element elementor-element-7ac8bdb elementor-widget elementor-widget-text-editor\" data-id=\"7ac8bdb\" data-element_type=\"widget\" data-e-type=\"widget\" data-widget_type=\"text-editor.default\">\n\t\t\t\t\t\t\t\t\t<p><a href=\"https:\/\/www.asm-indus.com\/en\/realisations\/assemblage-automatise-p32\/\">Automated Assembly Station<\/a><\/p>\t\t\t\t\t\t\t\t<\/div>\n\t\t\t\t<\/div>\n\t\t<div class=\"elementor-element elementor-element-1aab1d7 e-con-full e-flex e-con e-child\" data-id=\"1aab1d7\" data-element_type=\"container\" data-e-type=\"container\">\n\t\t\t\t<div class=\"elementor-element elementor-element-db142f1 elementor-widget elementor-widget-text-editor\" data-id=\"db142f1\" data-element_type=\"widget\" data-e-type=\"widget\" data-widget_type=\"text-editor.default\">\n\t\t\t\t\t\t\t\t\t<p><a href=\"https:\/\/www.asm-indus.com\/en\/realisations\/poste-d-assemblage-semi-automatise-p33\/\">Assembly Station<\/a><\/p>\t\t\t\t\t\t\t\t<\/div>\n\t\t\t\t<\/div>\n\t\t\t\t<\/div>\n\t\t<div class=\"elementor-element elementor-element-617d13b e-con-full e-flex e-con e-child\" data-id=\"617d13b\" data-element_type=\"container\" data-e-type=\"container\">\n\t\t<div class=\"elementor-element elementor-element-1390b3b e-con-full e-flex e-con e-child\" data-id=\"1390b3b\" data-element_type=\"container\" data-e-type=\"container\">\n\t\t\t\t<div class=\"elementor-element elementor-element-df60d95 elementor-widget elementor-widget-image\" data-id=\"df60d95\" data-element_type=\"widget\" data-e-type=\"widget\" data-widget_type=\"image.default\">\n\t\t\t\t\t\t\t\t\t\t\t\t\t\t\t<img fetchpriority=\"high\" decoding=\"async\" width=\"334\" height=\"309\" src=\"https:\/\/www.asm-indus.com\/wp-content\/uploads\/2025\/12\/robinet2-mini.webp\" class=\"attachment-large size-large wp-image-269\" alt=\"\" srcset=\"https:\/\/www.asm-indus.com\/wp-content\/uploads\/2025\/12\/robinet2-mini.webp 334w, https:\/\/www.asm-indus.com\/wp-content\/uploads\/2025\/12\/robinet2-mini-300x278.webp 300w, https:\/\/www.asm-indus.com\/wp-content\/uploads\/2025\/12\/robinet2-mini-13x12.webp 13w\" sizes=\"(max-width: 334px) 100vw, 334px\" \/>\t\t\t\t\t\t\t\t\t\t\t\t\t\t\t<\/div>\n\t\t\t\t<\/div>\n\t\t<div class=\"elementor-element elementor-element-05cb401 e-con-full e-flex e-con e-child\" data-id=\"05cb401\" data-element_type=\"container\" data-e-type=\"container\">\n\t\t\t\t<div class=\"elementor-element elementor-element-9927ca6 elementor-widget elementor-widget-image\" data-id=\"9927ca6\" data-element_type=\"widget\" data-e-type=\"widget\" data-widget_type=\"image.default\">\n\t\t\t\t\t\t\t\t\t\t\t\t\t\t\t<img decoding=\"async\" width=\"550\" height=\"412\" src=\"https:\/\/www.asm-indus.com\/wp-content\/uploads\/2025\/12\/valves.webp\" class=\"attachment-large size-large wp-image-268\" alt=\"\" srcset=\"https:\/\/www.asm-indus.com\/wp-content\/uploads\/2025\/12\/valves.webp 550w, https:\/\/www.asm-indus.com\/wp-content\/uploads\/2025\/12\/valves-300x225.webp 300w, https:\/\/www.asm-indus.com\/wp-content\/uploads\/2025\/12\/valves-16x12.webp 16w\" sizes=\"(max-width: 550px) 100vw, 550px\" \/>\t\t\t\t\t\t\t\t\t\t\t\t\t\t\t<\/div>\n\t\t\t\t<\/div>\n\t\t<div class=\"elementor-element elementor-element-7766742 e-con-full e-flex e-con e-child\" data-id=\"7766742\" data-element_type=\"container\" data-e-type=\"container\">\n\t\t\t\t<div class=\"elementor-element elementor-element-6fcf31d elementor-widget elementor-widget-image\" data-id=\"6fcf31d\" data-element_type=\"widget\" data-e-type=\"widget\" data-widget_type=\"image.default\">\n\t\t\t\t\t\t\t\t\t\t\t\t\t\t\t<img decoding=\"async\" width=\"338\" height=\"307\" src=\"https:\/\/www.asm-indus.com\/wp-content\/uploads\/2025\/12\/renault-mini.webp\" class=\"attachment-large size-large wp-image-5692\" alt=\"\" srcset=\"https:\/\/www.asm-indus.com\/wp-content\/uploads\/2025\/12\/renault-mini.webp 338w, https:\/\/www.asm-indus.com\/wp-content\/uploads\/2025\/12\/renault-mini-300x272.webp 300w, https:\/\/www.asm-indus.com\/wp-content\/uploads\/2025\/12\/renault-mini-13x12.webp 13w\" sizes=\"(max-width: 338px) 100vw, 338px\" \/>\t\t\t\t\t\t\t\t\t\t\t\t\t\t\t<\/div>\n\t\t\t\t<\/div>\n\t\t\t\t<\/div>\n\t\t<div class=\"elementor-element elementor-element-d9616cd e-con-full e-flex e-con e-child\" data-id=\"d9616cd\" data-element_type=\"container\" data-e-type=\"container\">\n\t\t<div class=\"elementor-element elementor-element-f3edb96 e-con-full e-flex e-con e-child\" data-id=\"f3edb96\" data-element_type=\"container\" data-e-type=\"container\">\n\t\t\t\t<div class=\"elementor-element elementor-element-1a5b486 elementor-widget elementor-widget-text-editor\" data-id=\"1a5b486\" data-element_type=\"widget\" data-e-type=\"widget\" data-widget_type=\"text-editor.default\">\n\t\t\t\t\t\t\t\t\t<p>Our client, a European leader in sanitary equipment, contacted ASM to design a line\u2026<\/p>\t\t\t\t\t\t\t\t<\/div>\n\t\t\t\t<div class=\"elementor-element elementor-element-07f1a1e elementor-align-center elementor-widget elementor-widget-button\" data-id=\"07f1a1e\" data-element_type=\"widget\" data-e-type=\"widget\" data-widget_type=\"button.default\">\n\t\t\t\t\t\t\t\t\t\t<a class=\"elementor-button elementor-button-link elementor-size-sm\" href=\"https:\/\/www.asm-indus.com\/en\/realisations\/chaine-d-assemblage-automatisee-p80\/\" target=\"_blank\" rel=\"nofollow\">\n\t\t\t\t\t\t<span class=\"elementor-button-content-wrapper\">\n\t\t\t\t\t\t\t\t\t<span class=\"elementor-button-text\">See more<\/span>\n\t\t\t\t\t<\/span>\n\t\t\t\t\t<\/a>\n\t\t\t\t\t\t\t\t<\/div>\n\t\t\t\t<\/div>\n\t\t<div class=\"elementor-element elementor-element-e577a92 e-con-full e-flex e-con e-child\" data-id=\"e577a92\" data-element_type=\"container\" data-e-type=\"container\">\n\t\t\t\t<div class=\"elementor-element elementor-element-c3ac85b elementor-widget elementor-widget-text-editor\" data-id=\"c3ac85b\" data-element_type=\"widget\" data-e-type=\"widget\" data-widget_type=\"text-editor.default\">\n\t\t\t\t\t\t\t\t\t<p>ASM designed a special machine for one of the world&#039;s leading manufacturers of single-use medical equipment\u2026<\/p>\t\t\t\t\t\t\t\t<\/div>\n\t\t\t\t<div class=\"elementor-element elementor-element-d65a3a3 elementor-align-center elementor-widget elementor-widget-button\" data-id=\"d65a3a3\" data-element_type=\"widget\" data-e-type=\"widget\" data-widget_type=\"button.default\">\n\t\t\t\t\t\t\t\t\t\t<a class=\"elementor-button elementor-button-link elementor-size-sm\" href=\"https:\/\/www.asm-indus.com\/en\/realisations\/assemblage-automatise-p32\/\" target=\"_blank\" rel=\"nofollow\">\n\t\t\t\t\t\t<span class=\"elementor-button-content-wrapper\">\n\t\t\t\t\t\t\t\t\t<span class=\"elementor-button-text\">See more<\/span>\n\t\t\t\t\t<\/span>\n\t\t\t\t\t<\/a>\n\t\t\t\t\t\t\t\t<\/div>\n\t\t\t\t<\/div>\n\t\t<div class=\"elementor-element elementor-element-60934eb e-con-full e-flex e-con e-child\" data-id=\"60934eb\" data-element_type=\"container\" data-e-type=\"container\">\n\t\t\t\t<div class=\"elementor-element elementor-element-0313c27 elementor-widget elementor-widget-text-editor\" data-id=\"0313c27\" data-element_type=\"widget\" data-e-type=\"widget\" data-widget_type=\"text-editor.default\">\n\t\t\t\t\t\t\t\t\t<p>A semi-automated workstation that had the unique feature of being adaptable to a chassis predefined by the client, in order to\u2026<\/p>\t\t\t\t\t\t\t\t<\/div>\n\t\t\t\t<div class=\"elementor-element elementor-element-e85f5b1 elementor-align-center elementor-widget elementor-widget-button\" data-id=\"e85f5b1\" data-element_type=\"widget\" data-e-type=\"widget\" data-widget_type=\"button.default\">\n\t\t\t\t\t\t\t\t\t\t<a class=\"elementor-button elementor-button-link elementor-size-sm\" href=\"https:\/\/www.asm-indus.com\/en\/realisations\/poste-d-assemblage-semi-automatise-p33\/\" target=\"_blank\" rel=\"nofollow\">\n\t\t\t\t\t\t<span class=\"elementor-button-content-wrapper\">\n\t\t\t\t\t\t\t\t\t<span class=\"elementor-button-text\">See more<\/span>\n\t\t\t\t\t<\/span>\n\t\t\t\t\t<\/a>\n\t\t\t\t\t\t\t\t<\/div>\n\t\t\t\t<\/div>\n\t\t\t\t<\/div>\n\t\t\t\t<\/div>\n\t\t\t\t\t<\/div>\n\t\t\t\t<\/div>\n\t\t\t\t<\/div>","protected":false},"excerpt":{"rendered":"<p>Les Machines d\u2019Assemblage Les Machines d\u2019Assemblage dans l\u2019Industrie Une machine est un ensemble m\u00e9canique capable d\u2019utiliser une \u00e9nergie afin d\u2019effectuer des t\u00e2ches que l\u2019on peut classer en 4 grandes cat\u00e9gories: Utilisation d\u2019un outil et\/ou d\u2019un capteur D\u00e9placement d\u2019une charge Mati\u00e8re \u00e0 fa\u00e7onner Informations \u00e0 traiter Leur op\u00e9ration peut s\u2019effectuer sous la conduite ou non d\u2019un [&hellip;]<\/p>\n","protected":false},"author":1,"featured_media":0,"parent":0,"menu_order":0,"comment_status":"closed","ping_status":"closed","template":"","meta":{"footnotes":""},"class_list":["post-273","page","type-page","status-publish","hentry"],"aioseo_notices":[],"yoast_head":"<!-- This site is optimized with the Yoast SEO plugin v27.2 - https:\/\/yoast.com\/product\/yoast-seo-wordpress\/ -->\n<title>Les Machines d\u2019Assemblage - ASM Indus<\/title>\n<meta name=\"robots\" content=\"index, follow, max-snippet:-1, max-image-preview:large, max-video-preview:-1\" \/>\n<link rel=\"canonical\" href=\"https:\/\/www.asm-indus.com\/en\/les-machines-dassemblage\/\" \/>\n<meta property=\"og:locale\" content=\"en_GB\" \/>\n<meta property=\"og:type\" content=\"article\" \/>\n<meta property=\"og:title\" content=\"Les Machines d\u2019Assemblage - ASM Indus\" \/>\n<meta property=\"og:description\" content=\"Les Machines d\u2019Assemblage Les Machines d\u2019Assemblage dans l\u2019Industrie Une machine est un ensemble m\u00e9canique capable d\u2019utiliser une \u00e9nergie afin d\u2019effectuer des t\u00e2ches que l\u2019on peut classer en 4 grandes cat\u00e9gories: Utilisation d\u2019un outil et\/ou d\u2019un capteur D\u00e9placement d\u2019une charge Mati\u00e8re \u00e0 fa\u00e7onner Informations \u00e0 traiter Leur op\u00e9ration peut s\u2019effectuer sous la conduite ou non d\u2019un [&hellip;]\" \/>\n<meta property=\"og:url\" content=\"https:\/\/www.asm-indus.com\/en\/les-machines-dassemblage\/\" \/>\n<meta property=\"og:site_name\" content=\"ASM Indus\" \/>\n<meta property=\"article:modified_time\" content=\"2025-12-17T15:04:48+00:00\" \/>\n<meta property=\"og:image\" content=\"https:\/\/www.asm-indus.com\/wp-content\/uploads\/2025\/12\/robinet2-mini.webp\" \/>\n\t<meta property=\"og:image:width\" content=\"334\" \/>\n\t<meta property=\"og:image:height\" content=\"309\" \/>\n\t<meta property=\"og:image:type\" content=\"image\/webp\" \/>\n<meta name=\"twitter:card\" content=\"summary_large_image\" \/>\n<meta name=\"twitter:label1\" content=\"Estimated reading time\" \/>\n\t<meta name=\"twitter:data1\" content=\"3 minutes\" \/>\n<!-- \/ Yoast SEO plugin. -->","yoast_head_json":{"title":"Les Machines d\u2019Assemblage - ASM Indus","robots":{"index":"index","follow":"follow","max-snippet":"max-snippet:-1","max-image-preview":"max-image-preview:large","max-video-preview":"max-video-preview:-1"},"canonical":"https:\/\/www.asm-indus.com\/en\/les-machines-dassemblage\/","og_locale":"en_GB","og_type":"article","og_title":"Les Machines d\u2019Assemblage - ASM Indus","og_description":"Les Machines d\u2019Assemblage Les Machines d\u2019Assemblage dans l\u2019Industrie Une machine est un ensemble m\u00e9canique capable d\u2019utiliser une \u00e9nergie afin d\u2019effectuer des t\u00e2ches que l\u2019on peut classer en 4 grandes cat\u00e9gories: Utilisation d\u2019un outil et\/ou d\u2019un capteur D\u00e9placement d\u2019une charge Mati\u00e8re \u00e0 fa\u00e7onner Informations \u00e0 traiter Leur op\u00e9ration peut s\u2019effectuer sous la conduite ou non d\u2019un [&hellip;]","og_url":"https:\/\/www.asm-indus.com\/en\/les-machines-dassemblage\/","og_site_name":"ASM Indus","article_modified_time":"2025-12-17T15:04:48+00:00","og_image":[{"width":334,"height":309,"url":"https:\/\/www.asm-indus.com\/wp-content\/uploads\/2025\/12\/robinet2-mini.webp","type":"image\/webp"}],"twitter_card":"summary_large_image","twitter_misc":{"Estimated reading time":"3 minutes"},"schema":{"@context":"https:\/\/schema.org","@graph":[{"@type":"WebPage","@id":"https:\/\/www.asm-indus.com\/les-machines-dassemblage\/","url":"https:\/\/www.asm-indus.com\/les-machines-dassemblage\/","name":"Les Machines d\u2019Assemblage - ASM Indus","isPartOf":{"@id":"https:\/\/www.asm-indus.com\/#website"},"primaryImageOfPage":{"@id":"https:\/\/www.asm-indus.com\/les-machines-dassemblage\/#primaryimage"},"image":{"@id":"https:\/\/www.asm-indus.com\/les-machines-dassemblage\/#primaryimage"},"thumbnailUrl":"https:\/\/www.asm-indus.com\/wp-content\/uploads\/2025\/12\/robinet2-mini.webp","datePublished":"2025-12-09T21:10:18+00:00","dateModified":"2025-12-17T15:04:48+00:00","breadcrumb":{"@id":"https:\/\/www.asm-indus.com\/les-machines-dassemblage\/#breadcrumb"},"inLanguage":"en-GB","potentialAction":[{"@type":"ReadAction","target":["https:\/\/www.asm-indus.com\/les-machines-dassemblage\/"]}]},{"@type":"ImageObject","inLanguage":"en-GB","@id":"https:\/\/www.asm-indus.com\/les-machines-dassemblage\/#primaryimage","url":"https:\/\/www.asm-indus.com\/wp-content\/uploads\/2025\/12\/robinet2-mini.webp","contentUrl":"https:\/\/www.asm-indus.com\/wp-content\/uploads\/2025\/12\/robinet2-mini.webp"},{"@type":"BreadcrumbList","@id":"https:\/\/www.asm-indus.com\/les-machines-dassemblage\/#breadcrumb","itemListElement":[{"@type":"ListItem","position":1,"name":"Accueil","item":"https:\/\/www.asm-indus.com\/"},{"@type":"ListItem","position":2,"name":"Les Machines d\u2019Assemblage"}]},{"@type":"WebSite","@id":"https:\/\/www.asm-indus.com\/#website","url":"https:\/\/www.asm-indus.com\/","name":"ASM","description":"","publisher":{"@id":"https:\/\/www.asm-indus.com\/#organization"},"potentialAction":[{"@type":"SearchAction","target":{"@type":"EntryPoint","urlTemplate":"https:\/\/www.asm-indus.com\/?s={search_term_string}"},"query-input":{"@type":"PropertyValueSpecification","valueRequired":true,"valueName":"search_term_string"}}],"inLanguage":"en-GB"},{"@type":"Organization","@id":"https:\/\/www.asm-indus.com\/#organization","name":"ASM","url":"https:\/\/www.asm-indus.com\/","logo":{"@type":"ImageObject","inLanguage":"en-GB","@id":"https:\/\/www.asm-indus.com\/#\/schema\/logo\/image\/","url":"https:\/\/www.asm-indus.com\/wp-content\/uploads\/2025\/11\/cropped-Logo-ASM-HTX.webp","contentUrl":"https:\/\/www.asm-indus.com\/wp-content\/uploads\/2025\/11\/cropped-Logo-ASM-HTX.webp","width":2108,"height":250,"caption":"ASM"},"image":{"@id":"https:\/\/www.asm-indus.com\/#\/schema\/logo\/image\/"}}]}},"_links":{"self":[{"href":"https:\/\/www.asm-indus.com\/en\/wp-json\/wp\/v2\/pages\/273","targetHints":{"allow":["GET"]}}],"collection":[{"href":"https:\/\/www.asm-indus.com\/en\/wp-json\/wp\/v2\/pages"}],"about":[{"href":"https:\/\/www.asm-indus.com\/en\/wp-json\/wp\/v2\/types\/page"}],"author":[{"embeddable":true,"href":"https:\/\/www.asm-indus.com\/en\/wp-json\/wp\/v2\/users\/1"}],"replies":[{"embeddable":true,"href":"https:\/\/www.asm-indus.com\/en\/wp-json\/wp\/v2\/comments?post=273"}],"version-history":[{"count":10,"href":"https:\/\/www.asm-indus.com\/en\/wp-json\/wp\/v2\/pages\/273\/revisions"}],"predecessor-version":[{"id":5695,"href":"https:\/\/www.asm-indus.com\/en\/wp-json\/wp\/v2\/pages\/273\/revisions\/5695"}],"wp:attachment":[{"href":"https:\/\/www.asm-indus.com\/en\/wp-json\/wp\/v2\/media?parent=273"}],"curies":[{"name":"wp","href":"https:\/\/api.w.org\/{rel}","templated":true}]}}