{"id":248,"date":"2025-12-09T20:52:42","date_gmt":"2025-12-09T20:52:42","guid":{"rendered":"https:\/\/www.asm-indus.com\/?page_id=248"},"modified":"2025-12-17T15:03:37","modified_gmt":"2025-12-17T15:03:37","slug":"integrateur-certifie-universal-robots","status":"publish","type":"page","link":"https:\/\/www.asm-indus.com\/en\/integrateur-certifie-universal-robots\/","title":{"rendered":"Universal Robots Certified Integrator"},"content":{"rendered":"<div data-elementor-type=\"wp-page\" data-elementor-id=\"248\" class=\"elementor elementor-248\" data-elementor-post-type=\"page\">\n\t\t\t\t<div class=\"elementor-element elementor-element-33287ea e-flex e-con-boxed e-con e-parent\" data-id=\"33287ea\" data-element_type=\"container\" data-e-type=\"container\">\n\t\t\t\t\t<div class=\"e-con-inner\">\n\t\t\t\t<div class=\"elementor-element elementor-element-574e3a1 elementor-widget elementor-widget-heading\" data-id=\"574e3a1\" data-element_type=\"widget\" data-e-type=\"widget\" data-widget_type=\"heading.default\">\n\t\t\t\t\t<h1 class=\"elementor-heading-title elementor-size-default\">Universal Robots Certified Integrator<\/h1>\t\t\t\t<\/div>\n\t\t\t\t<div class=\"elementor-element elementor-element-520fbef elementor-widget elementor-widget-image\" data-id=\"520fbef\" data-element_type=\"widget\" data-e-type=\"widget\" data-widget_type=\"image.default\">\n\t\t\t\t\t\t\t\t\t\t\t\t\t\t\t<img fetchpriority=\"high\" decoding=\"async\" width=\"800\" height=\"329\" src=\"https:\/\/www.asm-indus.com\/wp-content\/uploads\/2025\/12\/universal-robots-1024x421.webp\" class=\"attachment-large size-large wp-image-101\" alt=\"\" srcset=\"https:\/\/www.asm-indus.com\/wp-content\/uploads\/2025\/12\/universal-robots-1024x421.webp 1024w, https:\/\/www.asm-indus.com\/wp-content\/uploads\/2025\/12\/universal-robots-300x123.webp 300w, https:\/\/www.asm-indus.com\/wp-content\/uploads\/2025\/12\/universal-robots-768x316.webp 768w, https:\/\/www.asm-indus.com\/wp-content\/uploads\/2025\/12\/universal-robots-18x7.webp 18w, https:\/\/www.asm-indus.com\/wp-content\/uploads\/2025\/12\/universal-robots.webp 1182w\" sizes=\"(max-width: 800px) 100vw, 800px\" \/>\t\t\t\t\t\t\t\t\t\t\t\t\t\t\t<\/div>\n\t\t\t\t<div class=\"elementor-element elementor-element-53b59f4 elementor-widget-divider--view-line elementor-widget elementor-widget-divider\" data-id=\"53b59f4\" data-element_type=\"widget\" data-e-type=\"widget\" data-widget_type=\"divider.default\">\n\t\t\t\t\t\t\t<div class=\"elementor-divider\">\n\t\t\t<span class=\"elementor-divider-separator\">\n\t\t\t\t\t\t<\/span>\n\t\t<\/div>\n\t\t\t\t\t\t<\/div>\n\t\t\t\t<div class=\"elementor-element elementor-element-c8e8cd5 elementor-widget elementor-widget-text-editor\" data-id=\"c8e8cd5\" data-element_type=\"widget\" data-e-type=\"widget\" data-widget_type=\"text-editor.default\">\n\t\t\t\t\t\t\t\t\t<p>This recognition is linked to the performance and achievements of the ASM Group in recent years in its collaborative robotics projects, particularly in the medical, automotive and industrial sectors.<\/p><p>We can provide you with a unique solution for every industrial sector. Automation is the answer to today&#039;s rapidly evolving market, and we are convinced that there are opportunities for your company to produce smarter, faster, safer, and more efficiently.<\/p><p>Universal Robots&#039; collaborative robots can be configured to add value to your industrialization by handling crucial repetitive tasks. These collaborative robotic arms are versatile and have a virtually unlimited range of tasks they can perform.<\/p><h2><b>Cobots: A New Lease of Life for SMEs<\/b><\/h2><p>Collaborative robots are one of the biggest innovations in recent years for the manufacturing industry. They have also paved the way for automation in other industries and on other scales. Companies that previously had no interest in robotics are now suddenly discovering the advantages they can gain from automation through collaborative robotics. But why? What is encouraging companies outside the manufacturing sector to turn to robotics when they didn&#039;t before? What is enabling SMEs, for whom robots were once far too expensive and ill-suited to their scale, to now embrace collaborative robotics?<\/p><h3><strong>First Reason: Collaboration<\/strong><\/h3><p>As their name suggests, collaborative robots are\u2026 collaborative. In more than 801 cases, they can operate alongside humans without additional, sometimes costly, and always impractical protective or safety devices. This capability has allowed them to be included in fields previously impossible to automate, whether due to a lack of interest or funding, such as restaurants and aviation, where their efficiency and reliability are proving invaluable. And this is achieved without the need for robotics engineers (who are absent from these sectors) to operate the cobot.<\/p><h3><strong>Second reason: Simplicity of programming<\/strong><\/h3><p>Collaborative robots are generally much easier to program than traditional industrial robots. They can be programmed and used for simple applications thanks to intuitive and user-friendly interfaces. Universal Robots also offers, with its UR+ platform, products combining plug-and-play hardware and pre-programmed software (which work from day one), such as grippers, to further enhance the versatility of its robotic arms.<\/p><p><a href=\"https:\/\/www.asm-indus.com\/en\/demande-de-devis-f98\/\">Contact us<\/a>\u00a0to discuss how you could automate your Supply Chain and improve your competitiveness.<\/p>\t\t\t\t\t\t\t\t<\/div>\n\t\t\t\t\t<\/div>\n\t\t\t\t<\/div>\n\t\t\t\t<\/div>","protected":false},"excerpt":{"rendered":"<p>Int\u00e9grateur Certifi\u00e9 Universal Robots Cette reconnaissance est li\u00e9e aux performances et aux r\u00e9alisations du Groupe ASM ces derni\u00e8res ann\u00e9es dans ses projets de robotique collaborative, notamment dans le secteur du m\u00e9dical, de l\u2019automobile et de l\u2019industrie. Nous pouvons vous fournir une solution unique pour chaque secteur industriel. L\u2019automatisation est la r\u00e9ponse pour faire face \u00e0 [&hellip;]<\/p>\n","protected":false},"author":1,"featured_media":0,"parent":0,"menu_order":0,"comment_status":"closed","ping_status":"closed","template":"","meta":{"footnotes":""},"class_list":["post-248","page","type-page","status-publish","hentry"],"aioseo_notices":[],"yoast_head":"<!-- This site is optimized with the Yoast SEO plugin v27.2 - https:\/\/yoast.com\/product\/yoast-seo-wordpress\/ -->\n<title>Int\u00e9grateur Certifi\u00e9 Universal Robots - ASM Indus<\/title>\n<meta name=\"description\" content=\"ASM int\u00e8gre des solutions robotiques sur mesure : bras articul\u00e9s, vision 2D\/3D, outillages sp\u00e9cifiques et reprogrammation de robots existants.Depuis 2018, le Groupe ASM est un int\u00e9grateur en robotique collaborative reconnu officiellement par UNIVERSAL ROBOTS, le leader mondial de la fabrication de cobots. Cette reconnaissance est li\u00e9e aux performances et aux r\u00e9alisations du Groupe ASM ces derni\u00e8res ann\u00e9es dans ses projets de robotique collaborative, notamment dans le secteur du m\u00e9dical, de l&#039;automobile\" \/>\n<meta name=\"robots\" content=\"index, follow, max-snippet:-1, max-image-preview:large, max-video-preview:-1\" \/>\n<link rel=\"canonical\" href=\"https:\/\/www.asm-indus.com\/en\/integrateur-certifie-universal-robots\/\" \/>\n<meta property=\"og:locale\" content=\"en_GB\" \/>\n<meta property=\"og:type\" content=\"article\" \/>\n<meta property=\"og:title\" content=\"Int\u00e9grateur Certifi\u00e9 Universal Robots - ASM Indus\" \/>\n<meta property=\"og:description\" content=\"ASM int\u00e8gre des solutions robotiques sur mesure : bras articul\u00e9s, vision 2D\/3D, outillages sp\u00e9cifiques et reprogrammation de robots existants.Depuis 2018, le Groupe ASM est un int\u00e9grateur en robotique collaborative reconnu officiellement par UNIVERSAL ROBOTS, le leader mondial de la fabrication de cobots. Cette reconnaissance est li\u00e9e aux performances et aux r\u00e9alisations du Groupe ASM ces derni\u00e8res ann\u00e9es dans ses projets de robotique collaborative, notamment dans le secteur du m\u00e9dical, de l&#039;automobile\" \/>\n<meta property=\"og:url\" content=\"https:\/\/www.asm-indus.com\/en\/integrateur-certifie-universal-robots\/\" \/>\n<meta property=\"og:site_name\" content=\"ASM Indus\" \/>\n<meta property=\"article:modified_time\" content=\"2025-12-17T15:03:37+00:00\" \/>\n<meta property=\"og:image\" content=\"https:\/\/www.asm-indus.com\/wp-content\/uploads\/2025\/12\/universal-robots.webp\" \/>\n\t<meta property=\"og:image:width\" content=\"1182\" \/>\n\t<meta property=\"og:image:height\" content=\"486\" \/>\n\t<meta property=\"og:image:type\" content=\"image\/webp\" \/>\n<meta name=\"twitter:card\" content=\"summary_large_image\" \/>\n<!-- \/ Yoast SEO plugin. -->","yoast_head_json":{"title":"Int\u00e9grateur Certifi\u00e9 Universal Robots - ASM Indus","description":"ASM int\u00e8gre des solutions robotiques sur mesure : bras articul\u00e9s, vision 2D\/3D, outillages sp\u00e9cifiques et reprogrammation de robots existants.Depuis 2018, le Groupe ASM est un int\u00e9grateur en robotique collaborative reconnu officiellement par UNIVERSAL ROBOTS, le leader mondial de la fabrication de cobots. Cette reconnaissance est li\u00e9e aux performances et aux r\u00e9alisations du Groupe ASM ces derni\u00e8res ann\u00e9es dans ses projets de robotique collaborative, notamment dans le secteur du m\u00e9dical, de l'automobile","robots":{"index":"index","follow":"follow","max-snippet":"max-snippet:-1","max-image-preview":"max-image-preview:large","max-video-preview":"max-video-preview:-1"},"canonical":"https:\/\/www.asm-indus.com\/en\/integrateur-certifie-universal-robots\/","og_locale":"en_GB","og_type":"article","og_title":"Int\u00e9grateur Certifi\u00e9 Universal Robots - ASM Indus","og_description":"ASM int\u00e8gre des solutions robotiques sur mesure : bras articul\u00e9s, vision 2D\/3D, outillages sp\u00e9cifiques et reprogrammation de robots existants.Depuis 2018, le Groupe ASM est un int\u00e9grateur en robotique collaborative reconnu officiellement par UNIVERSAL ROBOTS, le leader mondial de la fabrication de cobots. Cette reconnaissance est li\u00e9e aux performances et aux r\u00e9alisations du Groupe ASM ces derni\u00e8res ann\u00e9es dans ses projets de robotique collaborative, notamment dans le secteur du m\u00e9dical, de l'automobile","og_url":"https:\/\/www.asm-indus.com\/en\/integrateur-certifie-universal-robots\/","og_site_name":"ASM Indus","article_modified_time":"2025-12-17T15:03:37+00:00","og_image":[{"width":1182,"height":486,"url":"https:\/\/www.asm-indus.com\/wp-content\/uploads\/2025\/12\/universal-robots.webp","type":"image\/webp"}],"twitter_card":"summary_large_image","schema":{"@context":"https:\/\/schema.org","@graph":[{"@type":"WebPage","@id":"https:\/\/www.asm-indus.com\/integrateur-certifie-universal-robots\/","url":"https:\/\/www.asm-indus.com\/integrateur-certifie-universal-robots\/","name":"Int\u00e9grateur Certifi\u00e9 Universal Robots - ASM Indus","isPartOf":{"@id":"https:\/\/www.asm-indus.com\/#website"},"primaryImageOfPage":{"@id":"https:\/\/www.asm-indus.com\/integrateur-certifie-universal-robots\/#primaryimage"},"image":{"@id":"https:\/\/www.asm-indus.com\/integrateur-certifie-universal-robots\/#primaryimage"},"thumbnailUrl":"https:\/\/www.asm-indus.com\/wp-content\/uploads\/2025\/12\/universal-robots-1024x421.webp","datePublished":"2025-12-09T20:52:42+00:00","dateModified":"2025-12-17T15:03:37+00:00","description":"ASM int\u00e8gre des solutions robotiques sur mesure : bras articul\u00e9s, vision 2D\/3D, outillages sp\u00e9cifiques et reprogrammation de robots existants.Depuis 2018, le Groupe ASM est un int\u00e9grateur en robotique collaborative reconnu officiellement par UNIVERSAL ROBOTS, le leader mondial de la fabrication de cobots. Cette reconnaissance est li\u00e9e aux performances et aux r\u00e9alisations du Groupe ASM ces derni\u00e8res ann\u00e9es dans ses projets de robotique collaborative, notamment dans le secteur du m\u00e9dical, de l'automobile","breadcrumb":{"@id":"https:\/\/www.asm-indus.com\/integrateur-certifie-universal-robots\/#breadcrumb"},"inLanguage":"en-GB","potentialAction":[{"@type":"ReadAction","target":["https:\/\/www.asm-indus.com\/integrateur-certifie-universal-robots\/"]}]},{"@type":"ImageObject","inLanguage":"en-GB","@id":"https:\/\/www.asm-indus.com\/integrateur-certifie-universal-robots\/#primaryimage","url":"https:\/\/www.asm-indus.com\/wp-content\/uploads\/2025\/12\/universal-robots-1024x421.webp","contentUrl":"https:\/\/www.asm-indus.com\/wp-content\/uploads\/2025\/12\/universal-robots-1024x421.webp"},{"@type":"BreadcrumbList","@id":"https:\/\/www.asm-indus.com\/integrateur-certifie-universal-robots\/#breadcrumb","itemListElement":[{"@type":"ListItem","position":1,"name":"Accueil","item":"https:\/\/www.asm-indus.com\/"},{"@type":"ListItem","position":2,"name":"Int\u00e9grateur Certifi\u00e9 Universal Robots"}]},{"@type":"WebSite","@id":"https:\/\/www.asm-indus.com\/#website","url":"https:\/\/www.asm-indus.com\/","name":"ASM","description":"","publisher":{"@id":"https:\/\/www.asm-indus.com\/#organization"},"potentialAction":[{"@type":"SearchAction","target":{"@type":"EntryPoint","urlTemplate":"https:\/\/www.asm-indus.com\/?s={search_term_string}"},"query-input":{"@type":"PropertyValueSpecification","valueRequired":true,"valueName":"search_term_string"}}],"inLanguage":"en-GB"},{"@type":"Organization","@id":"https:\/\/www.asm-indus.com\/#organization","name":"ASM","url":"https:\/\/www.asm-indus.com\/","logo":{"@type":"ImageObject","inLanguage":"en-GB","@id":"https:\/\/www.asm-indus.com\/#\/schema\/logo\/image\/","url":"https:\/\/www.asm-indus.com\/wp-content\/uploads\/2025\/11\/cropped-Logo-ASM-HTX.webp","contentUrl":"https:\/\/www.asm-indus.com\/wp-content\/uploads\/2025\/11\/cropped-Logo-ASM-HTX.webp","width":2108,"height":250,"caption":"ASM"},"image":{"@id":"https:\/\/www.asm-indus.com\/#\/schema\/logo\/image\/"}}]}},"_links":{"self":[{"href":"https:\/\/www.asm-indus.com\/en\/wp-json\/wp\/v2\/pages\/248","targetHints":{"allow":["GET"]}}],"collection":[{"href":"https:\/\/www.asm-indus.com\/en\/wp-json\/wp\/v2\/pages"}],"about":[{"href":"https:\/\/www.asm-indus.com\/en\/wp-json\/wp\/v2\/types\/page"}],"author":[{"embeddable":true,"href":"https:\/\/www.asm-indus.com\/en\/wp-json\/wp\/v2\/users\/1"}],"replies":[{"embeddable":true,"href":"https:\/\/www.asm-indus.com\/en\/wp-json\/wp\/v2\/comments?post=248"}],"version-history":[{"count":11,"href":"https:\/\/www.asm-indus.com\/en\/wp-json\/wp\/v2\/pages\/248\/revisions"}],"predecessor-version":[{"id":5691,"href":"https:\/\/www.asm-indus.com\/en\/wp-json\/wp\/v2\/pages\/248\/revisions\/5691"}],"wp:attachment":[{"href":"https:\/\/www.asm-indus.com\/en\/wp-json\/wp\/v2\/media?parent=248"}],"curies":[{"name":"wp","href":"https:\/\/api.w.org\/{rel}","templated":true}]}}